{"id":134009,"date":"2026-03-12T08:25:00","date_gmt":"2026-03-12T07:25:00","guid":{"rendered":"https:\/\/www.irta.cat\/viticultura-vinya-canvi-climatic-resiliencia\/"},"modified":"2026-04-01T11:11:19","modified_gmt":"2026-04-01T09:11:19","slug":"viticultura-vinedo-cambio-climatico-resiliencia","status":"publish","type":"page","link":"https:\/\/www.irta.cat\/es\/viticultura-vinedo-cambio-climatico-resiliencia\/","title":{"rendered":"Trabajamos para la resiliencia del sector vitivin\u00edcola catal\u00e1n"},"content":{"rendered":"","protected":false},"excerpt":{"rendered":"","protected":false},"author":6,"featured_media":0,"parent":0,"menu_order":0,"comment_status":"closed","ping_status":"closed","template":"page-templates\/objectius-estrategics.php","meta":{"_acf_changed":false,"footnotes":""},"class_list":["post-134009","page","type-page","status-publish","hentry"],"acf":[],"yoast_head":"<!-- This site is optimized with the Yoast SEO plugin v26.6 - https:\/\/yoast.com\/wordpress\/plugins\/seo\/ -->\r\n<title>Trabajamos para la resiliencia del sector vitivin\u00edcola catal\u00e1n &#187; IRTA<\/title>\r\n<meta name=\"description\" content=\"Queremos que el sector vitivin\u00edcola catal\u00e1n mantenga su fortaleza a pesar de las dificultades.\" \/>\r\n<meta name=\"robots\" content=\"index, follow, max-snippet:-1, max-image-preview:large, max-video-preview:-1\" \/>\r\n<link rel=\"canonical\" href=\"https:\/\/www.irta.cat\/es\/viticultura-vinedo-cambio-climatico-resiliencia\/\" \/>\r\n<meta property=\"og:locale\" content=\"es_ES\" \/>\r\n<meta property=\"og:type\" content=\"article\" \/>\r\n<meta property=\"og:title\" content=\"Trabajamos para la resiliencia del sector vitivin\u00edcola catal\u00e1n &#187; IRTA\" \/>\r\n<meta property=\"og:description\" content=\"Queremos que el sector vitivin\u00edcola catal\u00e1n mantenga su fortaleza a pesar de las dificultades.\" \/>\r\n<meta property=\"og:url\" content=\"https:\/\/www.irta.cat\/es\/viticultura-vinedo-cambio-climatico-resiliencia\/\" \/>\r\n<meta property=\"og:site_name\" content=\"IRTA\" \/>\r\n<meta property=\"article:publisher\" content=\"https:\/\/www.facebook.com\/irtacat\" \/>\r\n<meta property=\"article:modified_time\" content=\"2026-04-01T09:11:19+00:00\" \/>\r\n<meta property=\"og:image\" content=\"https:\/\/www.irta.cat\/wp-content\/uploads\/2025\/02\/Logo-IRTA-verm.png\" \/>\r\n\t<meta property=\"og:image:width\" content=\"1250\" \/>\r\n\t<meta property=\"og:image:height\" content=\"500\" \/>\r\n\t<meta property=\"og:image:type\" content=\"image\/png\" \/>\r\n<meta name=\"twitter:card\" content=\"summary_large_image\" \/>\r\n<meta name=\"twitter:site\" content=\"@irtacat\" \/>\r\n<meta name=\"twitter:label1\" content=\"Tiempo de lectura\" \/>\n\t<meta name=\"twitter:data1\" content=\"8 minutos\" \/>\r\n<script type=\"application\/ld+json\" class=\"yoast-schema-graph\">{\"@context\":\"https:\/\/schema.org\",\"@graph\":[{\"@type\":\"WebPage\",\"@id\":\"https:\/\/www.irta.cat\/es\/viticultura-vinedo-cambio-climatico-resiliencia\/\",\"url\":\"https:\/\/www.irta.cat\/es\/viticultura-vinedo-cambio-climatico-resiliencia\/\",\"name\":\"Trabajamos para la resiliencia del sector vitivin\u00edcola catal\u00e1n &#187; IRTA\",\"isPartOf\":{\"@id\":\"https:\/\/www.irta.cat\/es\/#website\"},\"datePublished\":\"2026-03-12T07:25:00+00:00\",\"dateModified\":\"2026-04-01T09:11:19+00:00\",\"description\":\"Queremos que el sector vitivin\u00edcola catal\u00e1n mantenga su fortaleza a pesar de las dificultades.\",\"breadcrumb\":{\"@id\":\"https:\/\/www.irta.cat\/es\/viticultura-vinedo-cambio-climatico-resiliencia\/#breadcrumb\"},\"inLanguage\":\"es\",\"potentialAction\":[{\"@type\":\"ReadAction\",\"target\":[\"https:\/\/www.irta.cat\/es\/viticultura-vinedo-cambio-climatico-resiliencia\/\"]}]},{\"@type\":\"BreadcrumbList\",\"@id\":\"https:\/\/www.irta.cat\/es\/viticultura-vinedo-cambio-climatico-resiliencia\/#breadcrumb\",\"itemListElement\":[{\"@type\":\"ListItem\",\"position\":1,\"name\":\"Inici\",\"item\":\"https:\/\/www.irta.cat\/es\/\"},{\"@type\":\"ListItem\",\"position\":2,\"name\":\"Trabajamos para la resiliencia del sector vitivin\u00edcola catal\u00e1n\"}]},{\"@type\":\"WebSite\",\"@id\":\"https:\/\/www.irta.cat\/es\/#website\",\"url\":\"https:\/\/www.irta.cat\/es\/\",\"name\":\"IRTA\",\"description\":\"Institut de Recerca i Tecnologia Agroaliment\u00e0ries\",\"publisher\":{\"@id\":\"https:\/\/www.irta.cat\/es\/#organization\"},\"alternateName\":\"%%sitename%% %%sep%% %%title%%\",\"potentialAction\":[{\"@type\":\"SearchAction\",\"target\":{\"@type\":\"EntryPoint\",\"urlTemplate\":\"https:\/\/www.irta.cat\/es\/?s={search_term_string}\"},\"query-input\":{\"@type\":\"PropertyValueSpecification\",\"valueRequired\":true,\"valueName\":\"search_term_string\"}}],\"inLanguage\":\"es\"},{\"@type\":\"Organization\",\"@id\":\"https:\/\/www.irta.cat\/es\/#organization\",\"name\":\"IRTA\",\"url\":\"https:\/\/www.irta.cat\/es\/\",\"logo\":{\"@type\":\"ImageObject\",\"inLanguage\":\"es\",\"@id\":\"https:\/\/www.irta.cat\/es\/#\/schema\/logo\/image\/\",\"url\":\"https:\/\/www.irta.cat\/wp-content\/uploads\/2023\/04\/Logo-IRTA-verm.png\",\"contentUrl\":\"https:\/\/www.irta.cat\/wp-content\/uploads\/2023\/04\/Logo-IRTA-verm.png\",\"width\":1250,\"height\":500,\"caption\":\"IRTA\"},\"image\":{\"@id\":\"https:\/\/www.irta.cat\/es\/#\/schema\/logo\/image\/\"},\"sameAs\":[\"https:\/\/www.facebook.com\/irtacat\",\"https:\/\/x.com\/irtacat\"]}]}<\/script>\r\n<!-- \/ Yoast SEO plugin. -->","yoast_head_json":{"title":"Trabajamos para la resiliencia del sector vitivin\u00edcola catal\u00e1n &#187; IRTA","description":"Queremos que el sector vitivin\u00edcola catal\u00e1n mantenga su fortaleza a pesar de las dificultades.","robots":{"index":"index","follow":"follow","max-snippet":"max-snippet:-1","max-image-preview":"max-image-preview:large","max-video-preview":"max-video-preview:-1"},"canonical":"https:\/\/www.irta.cat\/es\/viticultura-vinedo-cambio-climatico-resiliencia\/","og_locale":"es_ES","og_type":"article","og_title":"Trabajamos para la resiliencia del sector vitivin\u00edcola catal\u00e1n &#187; IRTA","og_description":"Queremos que el sector vitivin\u00edcola catal\u00e1n mantenga su fortaleza a pesar de las dificultades.","og_url":"https:\/\/www.irta.cat\/es\/viticultura-vinedo-cambio-climatico-resiliencia\/","og_site_name":"IRTA","article_publisher":"https:\/\/www.facebook.com\/irtacat","article_modified_time":"2026-04-01T09:11:19+00:00","og_image":[{"width":1250,"height":500,"url":"https:\/\/www.irta.cat\/wp-content\/uploads\/2025\/02\/Logo-IRTA-verm.png","type":"image\/png"}],"twitter_card":"summary_large_image","twitter_site":"@irtacat","twitter_misc":{"Tiempo de lectura":"8 minutos"},"schema":{"@context":"https:\/\/schema.org","@graph":[{"@type":"WebPage","@id":"https:\/\/www.irta.cat\/es\/viticultura-vinedo-cambio-climatico-resiliencia\/","url":"https:\/\/www.irta.cat\/es\/viticultura-vinedo-cambio-climatico-resiliencia\/","name":"Trabajamos para la resiliencia del sector vitivin\u00edcola catal\u00e1n &#187; IRTA","isPartOf":{"@id":"https:\/\/www.irta.cat\/es\/#website"},"datePublished":"2026-03-12T07:25:00+00:00","dateModified":"2026-04-01T09:11:19+00:00","description":"Queremos que el sector vitivin\u00edcola catal\u00e1n mantenga su fortaleza a pesar de las dificultades.","breadcrumb":{"@id":"https:\/\/www.irta.cat\/es\/viticultura-vinedo-cambio-climatico-resiliencia\/#breadcrumb"},"inLanguage":"es","potentialAction":[{"@type":"ReadAction","target":["https:\/\/www.irta.cat\/es\/viticultura-vinedo-cambio-climatico-resiliencia\/"]}]},{"@type":"BreadcrumbList","@id":"https:\/\/www.irta.cat\/es\/viticultura-vinedo-cambio-climatico-resiliencia\/#breadcrumb","itemListElement":[{"@type":"ListItem","position":1,"name":"Inici","item":"https:\/\/www.irta.cat\/es\/"},{"@type":"ListItem","position":2,"name":"Trabajamos para la resiliencia del sector vitivin\u00edcola catal\u00e1n"}]},{"@type":"WebSite","@id":"https:\/\/www.irta.cat\/es\/#website","url":"https:\/\/www.irta.cat\/es\/","name":"IRTA","description":"Institut de Recerca i Tecnologia Agroaliment\u00e0ries","publisher":{"@id":"https:\/\/www.irta.cat\/es\/#organization"},"alternateName":"%%sitename%% %%sep%% %%title%%","potentialAction":[{"@type":"SearchAction","target":{"@type":"EntryPoint","urlTemplate":"https:\/\/www.irta.cat\/es\/?s={search_term_string}"},"query-input":{"@type":"PropertyValueSpecification","valueRequired":true,"valueName":"search_term_string"}}],"inLanguage":"es"},{"@type":"Organization","@id":"https:\/\/www.irta.cat\/es\/#organization","name":"IRTA","url":"https:\/\/www.irta.cat\/es\/","logo":{"@type":"ImageObject","inLanguage":"es","@id":"https:\/\/www.irta.cat\/es\/#\/schema\/logo\/image\/","url":"https:\/\/www.irta.cat\/wp-content\/uploads\/2023\/04\/Logo-IRTA-verm.png","contentUrl":"https:\/\/www.irta.cat\/wp-content\/uploads\/2023\/04\/Logo-IRTA-verm.png","width":1250,"height":500,"caption":"IRTA"},"image":{"@id":"https:\/\/www.irta.cat\/es\/#\/schema\/logo\/image\/"},"sameAs":["https:\/\/www.facebook.com\/irtacat","https:\/\/x.com\/irtacat"]}]}},"_links":{"self":[{"href":"https:\/\/www.irta.cat\/es\/wp-json\/wp\/v2\/pages\/134009","targetHints":{"allow":["GET"]}}],"collection":[{"href":"https:\/\/www.irta.cat\/es\/wp-json\/wp\/v2\/pages"}],"about":[{"href":"https:\/\/www.irta.cat\/es\/wp-json\/wp\/v2\/types\/page"}],"author":[{"embeddable":true,"href":"https:\/\/www.irta.cat\/es\/wp-json\/wp\/v2\/users\/6"}],"replies":[{"embeddable":true,"href":"https:\/\/www.irta.cat\/es\/wp-json\/wp\/v2\/comments?post=134009"}],"version-history":[{"count":10,"href":"https:\/\/www.irta.cat\/es\/wp-json\/wp\/v2\/pages\/134009\/revisions"}],"predecessor-version":[{"id":136508,"href":"https:\/\/www.irta.cat\/es\/wp-json\/wp\/v2\/pages\/134009\/revisions\/136508"}],"wp:attachment":[{"href":"https:\/\/www.irta.cat\/es\/wp-json\/wp\/v2\/media?parent=134009"}],"curies":[{"name":"wp","href":"https:\/\/api.w.org\/{rel}","templated":true}]}}