{"id":131947,"date":"2026-03-12T08:21:48","date_gmt":"2026-03-12T07:21:48","guid":{"rendered":"https:\/\/www.irta.cat\/fonts-alternatives-proteina-catalunya\/"},"modified":"2026-03-30T13:10:47","modified_gmt":"2026-03-30T11:10:47","slug":"fuentes-alternativas-proteinas-cataluna","status":"publish","type":"page","link":"https:\/\/www.irta.cat\/es\/fuentes-alternativas-proteinas-cataluna\/","title":{"rendered":"Exploramos c\u00f3mo impulsar las fuentes alternativas de prote\u00edna en Catalu\u00f1a"},"content":{"rendered":"","protected":true},"excerpt":{"rendered":"","protected":true},"author":6,"featured_media":0,"parent":0,"menu_order":0,"comment_status":"closed","ping_status":"closed","template":"page-templates\/objectius-estrategics.php","meta":{"_acf_changed":false,"footnotes":""},"class_list":["post-131947","page","type-page","status-publish","post-password-required","hentry"],"acf":[],"yoast_head":"<!-- This site is optimized with the Yoast SEO plugin v26.6 - https:\/\/yoast.com\/wordpress\/plugins\/seo\/ -->\r\n<title>Exploramos c\u00f3mo impulsar las fuentes alternativas de prote\u00edna en Catalu\u00f1a &#187; IRTA<\/title>\r\n<meta name=\"description\" content=\"Tener m\u00e1s conocimientos sobre las fuentes innovadoras de prote\u00edna es un desaf\u00edo y desde el IRTA queremos ser referentes en el sur de Europa.\" \/>\r\n<meta name=\"robots\" content=\"index, follow, max-snippet:-1, max-image-preview:large, max-video-preview:-1\" \/>\r\n<link rel=\"canonical\" href=\"https:\/\/www.irta.cat\/es\/fuentes-alternativas-proteinas-cataluna\/\" \/>\r\n<meta property=\"og:locale\" content=\"es_ES\" \/>\r\n<meta property=\"og:type\" content=\"article\" \/>\r\n<meta property=\"og:title\" content=\"Exploramos c\u00f3mo impulsar las fuentes alternativas de prote\u00edna en Catalu\u00f1a &#187; IRTA\" \/>\r\n<meta property=\"og:description\" content=\"Tener m\u00e1s conocimientos sobre las fuentes innovadoras de prote\u00edna es un desaf\u00edo y desde el IRTA queremos ser referentes en el sur de Europa.\" \/>\r\n<meta property=\"og:url\" content=\"https:\/\/www.irta.cat\/es\/fuentes-alternativas-proteinas-cataluna\/\" \/>\r\n<meta property=\"og:site_name\" content=\"IRTA\" \/>\r\n<meta property=\"article:publisher\" content=\"https:\/\/www.facebook.com\/irtacat\" \/>\r\n<meta property=\"article:modified_time\" content=\"2026-03-30T11:10:47+00:00\" \/>\r\n<meta name=\"twitter:card\" content=\"summary_large_image\" \/>\r\n<meta name=\"twitter:site\" content=\"@irtacat\" \/>\r\n<script type=\"application\/ld+json\" class=\"yoast-schema-graph\">{\"@context\":\"https:\/\/schema.org\",\"@graph\":[{\"@type\":\"WebPage\",\"@id\":\"https:\/\/www.irta.cat\/es\/fuentes-alternativas-proteinas-cataluna\/\",\"url\":\"https:\/\/www.irta.cat\/es\/fuentes-alternativas-proteinas-cataluna\/\",\"name\":\"Exploramos c\u00f3mo impulsar las fuentes alternativas de prote\u00edna en Catalu\u00f1a &#187; IRTA\",\"isPartOf\":{\"@id\":\"https:\/\/www.irta.cat\/es\/#website\"},\"datePublished\":\"2026-03-12T07:21:48+00:00\",\"dateModified\":\"2026-03-30T11:10:47+00:00\",\"breadcrumb\":{\"@id\":\"https:\/\/www.irta.cat\/es\/fuentes-alternativas-proteinas-cataluna\/#breadcrumb\"},\"inLanguage\":\"es\"},{\"@type\":\"WebSite\",\"@id\":\"https:\/\/www.irta.cat\/es\/#website\",\"url\":\"https:\/\/www.irta.cat\/es\/\",\"name\":\"IRTA\",\"description\":\"Institut de Recerca i Tecnologia Agroaliment\u00e0ries\",\"publisher\":{\"@id\":\"https:\/\/www.irta.cat\/es\/#organization\"},\"alternateName\":\"%%sitename%% %%sep%% %%title%%\",\"potentialAction\":[{\"@type\":\"SearchAction\",\"target\":{\"@type\":\"EntryPoint\",\"urlTemplate\":\"https:\/\/www.irta.cat\/es\/?s={search_term_string}\"},\"query-input\":{\"@type\":\"PropertyValueSpecification\",\"valueRequired\":true,\"valueName\":\"search_term_string\"}}],\"inLanguage\":\"es\"},{\"@type\":\"Organization\",\"@id\":\"https:\/\/www.irta.cat\/es\/#organization\",\"name\":\"IRTA\",\"url\":\"https:\/\/www.irta.cat\/es\/\",\"logo\":{\"@type\":\"ImageObject\",\"inLanguage\":\"es\",\"@id\":\"https:\/\/www.irta.cat\/es\/#\/schema\/logo\/image\/\",\"url\":\"https:\/\/www.irta.cat\/wp-content\/uploads\/2023\/04\/Logo-IRTA-verm.png\",\"contentUrl\":\"https:\/\/www.irta.cat\/wp-content\/uploads\/2023\/04\/Logo-IRTA-verm.png\",\"width\":1250,\"height\":500,\"caption\":\"IRTA\"},\"image\":{\"@id\":\"https:\/\/www.irta.cat\/es\/#\/schema\/logo\/image\/\"},\"sameAs\":[\"https:\/\/www.facebook.com\/irtacat\",\"https:\/\/x.com\/irtacat\"]}]}<\/script>\r\n<!-- \/ Yoast SEO plugin. -->","yoast_head_json":{"title":"Exploramos c\u00f3mo impulsar las fuentes alternativas de prote\u00edna en Catalu\u00f1a &#187; IRTA","description":"Tener m\u00e1s conocimientos sobre las fuentes innovadoras de prote\u00edna es un desaf\u00edo y desde el IRTA queremos ser referentes en el sur de Europa.","robots":{"index":"index","follow":"follow","max-snippet":"max-snippet:-1","max-image-preview":"max-image-preview:large","max-video-preview":"max-video-preview:-1"},"canonical":"https:\/\/www.irta.cat\/es\/fuentes-alternativas-proteinas-cataluna\/","og_locale":"es_ES","og_type":"article","og_title":"Exploramos c\u00f3mo impulsar las fuentes alternativas de prote\u00edna en Catalu\u00f1a &#187; IRTA","og_description":"Tener m\u00e1s conocimientos sobre las fuentes innovadoras de prote\u00edna es un desaf\u00edo y desde el IRTA queremos ser referentes en el sur de Europa.","og_url":"https:\/\/www.irta.cat\/es\/fuentes-alternativas-proteinas-cataluna\/","og_site_name":"IRTA","article_publisher":"https:\/\/www.facebook.com\/irtacat","article_modified_time":"2026-03-30T11:10:47+00:00","twitter_card":"summary_large_image","twitter_site":"@irtacat","schema":{"@context":"https:\/\/schema.org","@graph":[{"@type":"WebPage","@id":"https:\/\/www.irta.cat\/es\/fuentes-alternativas-proteinas-cataluna\/","url":"https:\/\/www.irta.cat\/es\/fuentes-alternativas-proteinas-cataluna\/","name":"Exploramos c\u00f3mo impulsar las fuentes alternativas de prote\u00edna en Catalu\u00f1a &#187; IRTA","isPartOf":{"@id":"https:\/\/www.irta.cat\/es\/#website"},"datePublished":"2026-03-12T07:21:48+00:00","dateModified":"2026-03-30T11:10:47+00:00","breadcrumb":{"@id":"https:\/\/www.irta.cat\/es\/fuentes-alternativas-proteinas-cataluna\/#breadcrumb"},"inLanguage":"es"},{"@type":"WebSite","@id":"https:\/\/www.irta.cat\/es\/#website","url":"https:\/\/www.irta.cat\/es\/","name":"IRTA","description":"Institut de Recerca i Tecnologia Agroaliment\u00e0ries","publisher":{"@id":"https:\/\/www.irta.cat\/es\/#organization"},"alternateName":"%%sitename%% %%sep%% %%title%%","potentialAction":[{"@type":"SearchAction","target":{"@type":"EntryPoint","urlTemplate":"https:\/\/www.irta.cat\/es\/?s={search_term_string}"},"query-input":{"@type":"PropertyValueSpecification","valueRequired":true,"valueName":"search_term_string"}}],"inLanguage":"es"},{"@type":"Organization","@id":"https:\/\/www.irta.cat\/es\/#organization","name":"IRTA","url":"https:\/\/www.irta.cat\/es\/","logo":{"@type":"ImageObject","inLanguage":"es","@id":"https:\/\/www.irta.cat\/es\/#\/schema\/logo\/image\/","url":"https:\/\/www.irta.cat\/wp-content\/uploads\/2023\/04\/Logo-IRTA-verm.png","contentUrl":"https:\/\/www.irta.cat\/wp-content\/uploads\/2023\/04\/Logo-IRTA-verm.png","width":1250,"height":500,"caption":"IRTA"},"image":{"@id":"https:\/\/www.irta.cat\/es\/#\/schema\/logo\/image\/"},"sameAs":["https:\/\/www.facebook.com\/irtacat","https:\/\/x.com\/irtacat"]}]}},"_links":{"self":[{"href":"https:\/\/www.irta.cat\/es\/wp-json\/wp\/v2\/pages\/131947","targetHints":{"allow":["GET"]}}],"collection":[{"href":"https:\/\/www.irta.cat\/es\/wp-json\/wp\/v2\/pages"}],"about":[{"href":"https:\/\/www.irta.cat\/es\/wp-json\/wp\/v2\/types\/page"}],"author":[{"embeddable":true,"href":"https:\/\/www.irta.cat\/es\/wp-json\/wp\/v2\/users\/6"}],"replies":[{"embeddable":true,"href":"https:\/\/www.irta.cat\/es\/wp-json\/wp\/v2\/comments?post=131947"}],"version-history":[{"count":13,"href":"https:\/\/www.irta.cat\/es\/wp-json\/wp\/v2\/pages\/131947\/revisions"}],"predecessor-version":[{"id":136356,"href":"https:\/\/www.irta.cat\/es\/wp-json\/wp\/v2\/pages\/131947\/revisions\/136356"}],"wp:attachment":[{"href":"https:\/\/www.irta.cat\/es\/wp-json\/wp\/v2\/media?parent=131947"}],"curies":[{"name":"wp","href":"https:\/\/api.w.org\/{rel}","templated":true}]}}