{"id":131911,"date":"2026-03-11T14:07:12","date_gmt":"2026-03-11T13:07:12","guid":{"rendered":"https:\/\/www.irta.cat\/investigacion\/pesta-porcina-africana\/"},"modified":"2026-03-20T09:40:06","modified_gmt":"2026-03-20T08:40:06","slug":"peste-porcina-africana","status":"publish","type":"page","link":"https:\/\/www.irta.cat\/es\/investigacion\/peste-porcina-africana\/","title":{"rendered":"Peste Porcina Africana"},"content":{"rendered":"\n<div style=\"height:39px\" aria-hidden=\"true\" class=\"wp-block-spacer\"><\/div>\n\n\n\n<div class=\"wp-block-columns is-layout-flex wp-container-core-columns-is-layout-9d6595d7 wp-block-columns-is-layout-flex\">\n<div class=\"wp-block-column is-layout-flow wp-block-column-is-layout-flow\" style=\"flex-basis:70%\">\n<h1 class=\"wp-block-heading\"><strong>Peste Porcina Africana<\/strong><\/h1>\n\n\n\n<h2 class=\"wp-block-heading\" style=\"font-size:26px\"><em>L\u00ednea de investigaci\u00f3n del programa Sanidad animal en el IRTA-CReSA<\/em><\/h2>\n\n\n\n<div style=\"height:20px\" aria-hidden=\"true\" class=\"wp-block-spacer\"><\/div>\n\n\n\n<p>Este grupo de investigaci\u00f3n estudia c\u00f3mo el virus de la Peste Porcina Africana (VPPA) interact\u00faa con el sistema inmunitario del cerdo, y c\u00f3mo este conocimiento puede aprovecharse para mejorar las estrategias de control de la enfermedad. Se enfoca en:<\/p>\n\n\n\n<p>\u2022 <strong>Descifrar los mecanismos inmunol\u00f3gicos<\/strong> que determinan si un animal desarrolla una protecci\u00f3n eficaz o progresa hacia la patog\u00e9nesis.<br>\u2022 <strong>Dise\u00f1ar y optimizar vacunas<\/strong>, tanto atenuadas como de subunidades, utilizando herramientas de <em>antigen discovery<\/em> e inmunolog\u00eda funcional.<br>\u2022 <strong>Identificar correlatos de protecci\u00f3n<\/strong> que permitan predecir la eficacia vacunal y acelerar la evaluaci\u00f3n de nuevas estrategias de vacunaci\u00f3n.<br>\u2022 <strong>Desarrollar enfoques de inmunidad innata entrenada<\/strong> (<em>trained immunity<\/em>) en especies ganaderas para aumentar su resiliencia frente a enfermedades infecciosas.<\/p>\n\n\n\n<p>Adem\u00e1s, colabora activamente con <strong>empresas del sector farmac\u00e9utico<\/strong>, tanto mediante proyectos de investigaci\u00f3n conjunta como a trav\u00e9s de <strong>servicios especializados<\/strong> en virolog\u00eda, inmunolog\u00eda y estudios precl\u00ednicos bajo condiciones de bioseguridad de nivel 3 (NBS\u20113).<\/p>\n\n\n\n<div style=\"height:30px\" aria-hidden=\"true\" class=\"wp-block-spacer\"><\/div>\n\n\n\n<h3 class=\"wp-block-heading\"><strong>\u00bfQu\u00e9 es la Peste Porcina Africana?<\/strong><\/h3>\n\n\n\n<p>La PPA es una enfermedad que afecta a cerdos dom\u00e9sticos y jabal\u00edes, as\u00ed como a otras especies de cerdos salvajes que viven en \u00c1frica. Se transmite por contacto directo entre animales o por contacto con material contaminado (comida, agua, basura, animales muertos\u2026). En \u00c1frica tambi\u00e9n se transmite por unas especies concretas de garrapatas, que tambi\u00e9n se han detectado en Andaluc\u00eda y Extremadura, pero que no existen en Catalu\u00f1a. La PPA tiene un alto \u00edndice de mortalidad en sus manifestaciones m\u00e1s agudas, y supone un riesgo para la producci\u00f3n porcina. <strong>La enfermedad NO afecta ni se transmite a las personas ni a otros animales<\/strong>, tampoco si se consume carne que pudiera estar contaminada por el virus.<\/p>\n\n\n\n<p>La peste porcina africana es una enfermedad end\u00e9mica en \u00c1frica desde que se descubri\u00f3 a principios del siglo XX. En la pen\u00ednsula ib\u00e9rica apareci\u00f3 en los a\u00f1os 60-70, desde donde se extendi\u00f3 a otros pa\u00edses de Europa occidental y Am\u00e9rica. Gradualmente se fue erradicando, hasta que en 1995 la pen\u00ednsula ib\u00e9rica se declar\u00f3 libre de la enfermedad. Desde 2007, existe un nuevo genotipo del virus que se ha ido extendiendo desde Georgia a la Europa del Este, Asia y Eurasia, Ocean\u00eda, y Rep\u00fablica Dominicana. En Europa occidental y en pa\u00edses alejados de las zonas end\u00e9micas tambi\u00e9n ha habido brotes, como en Alemania, B\u00e9lgica, Suecia o Italia.<\/p>\n\n\n\n<p>Actualmente no hay vacuna para la PPA (excepto dos atenuadas aceptadas s\u00f3lo en Vietnam).<\/p>\n\n\n\n<div style=\"height:30px\" aria-hidden=\"true\" class=\"wp-block-spacer\"><\/div>\n<\/div>\n<\/div>\n","protected":false},"excerpt":{"rendered":"<p>Peste Porcina Africana L\u00ednea de investigaci\u00f3n del programa Sanidad animal en el IRTA-CReSA Este grupo de investigaci\u00f3n estudia c\u00f3mo el virus de la Peste Porcina Africana (VPPA) interact\u00faa con el sistema inmunitario del cerdo, y c\u00f3mo este conocimiento puede aprovecharse para mejorar las estrategias de control de la enfermedad. Se enfoca en: \u2022 Descifrar los [&hellip;]<\/p>\n","protected":false},"author":4,"featured_media":0,"parent":71625,"menu_order":0,"comment_status":"closed","ping_status":"closed","template":"page-templates\/gutenberg.php","meta":{"_acf_changed":false,"footnotes":""},"class_list":["post-131911","page","type-page","status-publish","hentry"],"acf":[],"yoast_head":"<!-- This site is optimized with the Yoast SEO plugin v26.6 - https:\/\/yoast.com\/wordpress\/plugins\/seo\/ -->\r\n<title>Peste Porcina Africana &#187; IRTA<\/title>\r\n<meta name=\"description\" content=\"Peste Porcina Africana L\u00ednea de investigaci\u00f3n del programa Sanidad animal en el IRTA-CReSA Este grupo de investigaci\u00f3n estudia c\u00f3mo el virus de la Peste\" \/>\r\n<meta name=\"robots\" content=\"index, follow, max-snippet:-1, max-image-preview:large, max-video-preview:-1\" \/>\r\n<link rel=\"canonical\" href=\"https:\/\/www.irta.cat\/es\/investigacion\/peste-porcina-africana\/\" \/>\r\n<meta property=\"og:locale\" content=\"es_ES\" \/>\r\n<meta property=\"og:type\" content=\"article\" \/>\r\n<meta property=\"og:title\" content=\"Peste Porcina Africana &#187; IRTA\" \/>\r\n<meta property=\"og:description\" content=\"Peste Porcina Africana L\u00ednea de investigaci\u00f3n del programa Sanidad animal en el IRTA-CReSA Este grupo de investigaci\u00f3n estudia c\u00f3mo el virus de la Peste\" \/>\r\n<meta property=\"og:url\" content=\"https:\/\/www.irta.cat\/es\/investigacion\/peste-porcina-africana\/\" \/>\r\n<meta property=\"og:site_name\" content=\"IRTA\" \/>\r\n<meta property=\"article:publisher\" content=\"https:\/\/www.facebook.com\/irtacat\" \/>\r\n<meta property=\"article:modified_time\" content=\"2026-03-20T08:40:06+00:00\" \/>\r\n<meta property=\"og:image\" content=\"https:\/\/www.irta.cat\/wp-content\/uploads\/2025\/02\/Logo-IRTA-verm.png\" \/>\r\n\t<meta property=\"og:image:width\" content=\"1250\" \/>\r\n\t<meta property=\"og:image:height\" content=\"500\" \/>\r\n\t<meta property=\"og:image:type\" content=\"image\/png\" \/>\r\n<meta name=\"twitter:card\" content=\"summary_large_image\" \/>\r\n<meta name=\"twitter:site\" content=\"@irtacat\" \/>\r\n<meta name=\"twitter:label1\" content=\"Tiempo de lectura\" \/>\n\t<meta name=\"twitter:data1\" content=\"3 minutos\" \/>\r\n<script type=\"application\/ld+json\" class=\"yoast-schema-graph\">{\"@context\":\"https:\/\/schema.org\",\"@graph\":[{\"@type\":\"WebPage\",\"@id\":\"https:\/\/www.irta.cat\/es\/investigacion\/peste-porcina-africana\/\",\"url\":\"https:\/\/www.irta.cat\/es\/investigacion\/peste-porcina-africana\/\",\"name\":\"Peste Porcina Africana &#187; IRTA\",\"isPartOf\":{\"@id\":\"https:\/\/www.irta.cat\/es\/#website\"},\"datePublished\":\"2026-03-11T13:07:12+00:00\",\"dateModified\":\"2026-03-20T08:40:06+00:00\",\"description\":\"Peste Porcina Africana L\u00ednea de investigaci\u00f3n del programa Sanidad animal en el IRTA-CReSA Este grupo de investigaci\u00f3n estudia c\u00f3mo el virus de la Peste\",\"breadcrumb\":{\"@id\":\"https:\/\/www.irta.cat\/es\/investigacion\/peste-porcina-africana\/#breadcrumb\"},\"inLanguage\":\"es\",\"potentialAction\":[{\"@type\":\"ReadAction\",\"target\":[\"https:\/\/www.irta.cat\/es\/investigacion\/peste-porcina-africana\/\"]}]},{\"@type\":\"BreadcrumbList\",\"@id\":\"https:\/\/www.irta.cat\/es\/investigacion\/peste-porcina-africana\/#breadcrumb\",\"itemListElement\":[{\"@type\":\"ListItem\",\"position\":1,\"name\":\"Inici\",\"item\":\"https:\/\/www.irta.cat\/es\/\"},{\"@type\":\"ListItem\",\"position\":2,\"name\":\"Investigaci\u00f3n\",\"item\":\"https:\/\/www.irta.cat\/es\/investigacion\/\"},{\"@type\":\"ListItem\",\"position\":3,\"name\":\"Peste Porcina Africana\"}]},{\"@type\":\"WebSite\",\"@id\":\"https:\/\/www.irta.cat\/es\/#website\",\"url\":\"https:\/\/www.irta.cat\/es\/\",\"name\":\"IRTA\",\"description\":\"Institut de Recerca i Tecnologia Agroaliment\u00e0ries\",\"publisher\":{\"@id\":\"https:\/\/www.irta.cat\/es\/#organization\"},\"alternateName\":\"%%sitename%% %%sep%% %%title%%\",\"potentialAction\":[{\"@type\":\"SearchAction\",\"target\":{\"@type\":\"EntryPoint\",\"urlTemplate\":\"https:\/\/www.irta.cat\/es\/?s={search_term_string}\"},\"query-input\":{\"@type\":\"PropertyValueSpecification\",\"valueRequired\":true,\"valueName\":\"search_term_string\"}}],\"inLanguage\":\"es\"},{\"@type\":\"Organization\",\"@id\":\"https:\/\/www.irta.cat\/es\/#organization\",\"name\":\"IRTA\",\"url\":\"https:\/\/www.irta.cat\/es\/\",\"logo\":{\"@type\":\"ImageObject\",\"inLanguage\":\"es\",\"@id\":\"https:\/\/www.irta.cat\/es\/#\/schema\/logo\/image\/\",\"url\":\"https:\/\/www.irta.cat\/wp-content\/uploads\/2023\/04\/Logo-IRTA-verm.png\",\"contentUrl\":\"https:\/\/www.irta.cat\/wp-content\/uploads\/2023\/04\/Logo-IRTA-verm.png\",\"width\":1250,\"height\":500,\"caption\":\"IRTA\"},\"image\":{\"@id\":\"https:\/\/www.irta.cat\/es\/#\/schema\/logo\/image\/\"},\"sameAs\":[\"https:\/\/www.facebook.com\/irtacat\",\"https:\/\/x.com\/irtacat\"]}]}<\/script>\r\n<!-- \/ Yoast SEO plugin. -->","yoast_head_json":{"title":"Peste Porcina Africana &#187; IRTA","description":"Peste Porcina Africana L\u00ednea de investigaci\u00f3n del programa Sanidad animal en el IRTA-CReSA Este grupo de investigaci\u00f3n estudia c\u00f3mo el virus de la Peste","robots":{"index":"index","follow":"follow","max-snippet":"max-snippet:-1","max-image-preview":"max-image-preview:large","max-video-preview":"max-video-preview:-1"},"canonical":"https:\/\/www.irta.cat\/es\/investigacion\/peste-porcina-africana\/","og_locale":"es_ES","og_type":"article","og_title":"Peste Porcina Africana &#187; IRTA","og_description":"Peste Porcina Africana L\u00ednea de investigaci\u00f3n del programa Sanidad animal en el IRTA-CReSA Este grupo de investigaci\u00f3n estudia c\u00f3mo el virus de la Peste","og_url":"https:\/\/www.irta.cat\/es\/investigacion\/peste-porcina-africana\/","og_site_name":"IRTA","article_publisher":"https:\/\/www.facebook.com\/irtacat","article_modified_time":"2026-03-20T08:40:06+00:00","og_image":[{"width":1250,"height":500,"url":"https:\/\/www.irta.cat\/wp-content\/uploads\/2025\/02\/Logo-IRTA-verm.png","type":"image\/png"}],"twitter_card":"summary_large_image","twitter_site":"@irtacat","twitter_misc":{"Tiempo de lectura":"3 minutos"},"schema":{"@context":"https:\/\/schema.org","@graph":[{"@type":"WebPage","@id":"https:\/\/www.irta.cat\/es\/investigacion\/peste-porcina-africana\/","url":"https:\/\/www.irta.cat\/es\/investigacion\/peste-porcina-africana\/","name":"Peste Porcina Africana &#187; IRTA","isPartOf":{"@id":"https:\/\/www.irta.cat\/es\/#website"},"datePublished":"2026-03-11T13:07:12+00:00","dateModified":"2026-03-20T08:40:06+00:00","description":"Peste Porcina Africana L\u00ednea de investigaci\u00f3n del programa Sanidad animal en el IRTA-CReSA Este grupo de investigaci\u00f3n estudia c\u00f3mo el virus de la Peste","breadcrumb":{"@id":"https:\/\/www.irta.cat\/es\/investigacion\/peste-porcina-africana\/#breadcrumb"},"inLanguage":"es","potentialAction":[{"@type":"ReadAction","target":["https:\/\/www.irta.cat\/es\/investigacion\/peste-porcina-africana\/"]}]},{"@type":"BreadcrumbList","@id":"https:\/\/www.irta.cat\/es\/investigacion\/peste-porcina-africana\/#breadcrumb","itemListElement":[{"@type":"ListItem","position":1,"name":"Inici","item":"https:\/\/www.irta.cat\/es\/"},{"@type":"ListItem","position":2,"name":"Investigaci\u00f3n","item":"https:\/\/www.irta.cat\/es\/investigacion\/"},{"@type":"ListItem","position":3,"name":"Peste Porcina Africana"}]},{"@type":"WebSite","@id":"https:\/\/www.irta.cat\/es\/#website","url":"https:\/\/www.irta.cat\/es\/","name":"IRTA","description":"Institut de Recerca i Tecnologia Agroaliment\u00e0ries","publisher":{"@id":"https:\/\/www.irta.cat\/es\/#organization"},"alternateName":"%%sitename%% %%sep%% %%title%%","potentialAction":[{"@type":"SearchAction","target":{"@type":"EntryPoint","urlTemplate":"https:\/\/www.irta.cat\/es\/?s={search_term_string}"},"query-input":{"@type":"PropertyValueSpecification","valueRequired":true,"valueName":"search_term_string"}}],"inLanguage":"es"},{"@type":"Organization","@id":"https:\/\/www.irta.cat\/es\/#organization","name":"IRTA","url":"https:\/\/www.irta.cat\/es\/","logo":{"@type":"ImageObject","inLanguage":"es","@id":"https:\/\/www.irta.cat\/es\/#\/schema\/logo\/image\/","url":"https:\/\/www.irta.cat\/wp-content\/uploads\/2023\/04\/Logo-IRTA-verm.png","contentUrl":"https:\/\/www.irta.cat\/wp-content\/uploads\/2023\/04\/Logo-IRTA-verm.png","width":1250,"height":500,"caption":"IRTA"},"image":{"@id":"https:\/\/www.irta.cat\/es\/#\/schema\/logo\/image\/"},"sameAs":["https:\/\/www.facebook.com\/irtacat","https:\/\/x.com\/irtacat"]}]}},"_links":{"self":[{"href":"https:\/\/www.irta.cat\/es\/wp-json\/wp\/v2\/pages\/131911","targetHints":{"allow":["GET"]}}],"collection":[{"href":"https:\/\/www.irta.cat\/es\/wp-json\/wp\/v2\/pages"}],"about":[{"href":"https:\/\/www.irta.cat\/es\/wp-json\/wp\/v2\/types\/page"}],"author":[{"embeddable":true,"href":"https:\/\/www.irta.cat\/es\/wp-json\/wp\/v2\/users\/4"}],"replies":[{"embeddable":true,"href":"https:\/\/www.irta.cat\/es\/wp-json\/wp\/v2\/comments?post=131911"}],"version-history":[{"count":1,"href":"https:\/\/www.irta.cat\/es\/wp-json\/wp\/v2\/pages\/131911\/revisions"}],"predecessor-version":[{"id":131914,"href":"https:\/\/www.irta.cat\/es\/wp-json\/wp\/v2\/pages\/131911\/revisions\/131914"}],"up":[{"embeddable":true,"href":"https:\/\/www.irta.cat\/es\/wp-json\/wp\/v2\/pages\/71625"}],"wp:attachment":[{"href":"https:\/\/www.irta.cat\/es\/wp-json\/wp\/v2\/media?parent=131911"}],"curies":[{"name":"wp","href":"https:\/\/api.w.org\/{rel}","templated":true}]}}