{"id":131806,"date":"2026-03-05T15:11:27","date_gmt":"2026-03-05T14:11:27","guid":{"rendered":"https:\/\/www.irta.cat\/plantes-experimentals-biogas\/"},"modified":"2026-04-01T11:04:22","modified_gmt":"2026-04-01T09:04:22","slug":"plantas-experimentales-biogas","status":"publish","type":"page","link":"https:\/\/www.irta.cat\/es\/plantas-experimentales-biogas\/","title":{"rendered":"Plantas experimentales de biog\u00e1s del IRTA"},"content":{"rendered":"\n<div style=\"height:30px\" aria-hidden=\"true\" class=\"wp-block-spacer\"><\/div>\n\n\n\n<div class=\"wp-block-columns is-layout-flex wp-container-core-columns-is-layout-9d6595d7 wp-block-columns-is-layout-flex\">\n<div class=\"wp-block-column is-layout-flow wp-block-column-is-layout-flow\" style=\"flex-basis:90%\">\n<h1 class=\"wp-block-heading\" style=\"font-size:42px\"><strong>Plantas experimentales de biog\u00e1s del IRTA<\/strong><\/h1>\n\n\n\n<p style=\"font-size:24px\"><strong>Para el autoconsumo en granjas peque\u00f1as o medianas<\/strong><\/p>\n\n\n\n<div style=\"height:30px\" aria-hidden=\"true\" class=\"wp-block-spacer\"><\/div>\n\n\n<div class=\"wp-block-image\">\n<figure class=\"aligncenter size-full\"><a href=\"https:\/\/www.irta.cat\/wp-content\/uploads\/2026\/03\/plata-experimental-biogas-mas-bove-IRTA-fase-final-construccio-scaled.jpg\" class=\"fancybox irta-lightbox-bridge\" data-fancybox=\"irta-images\"><img loading=\"lazy\" decoding=\"async\" width=\"1920\" height=\"865\" src=\"https:\/\/www.irta.cat\/wp-content\/uploads\/2026\/03\/plata-experimental-biogas-mas-bove-IRTA-fase-final-construccio-scaled.jpg\" alt=\"\" class=\"wp-image-130358\" srcset=\"https:\/\/www.irta.cat\/wp-content\/uploads\/2026\/03\/plata-experimental-biogas-mas-bove-IRTA-fase-final-construccio-scaled.jpg 1920w, https:\/\/www.irta.cat\/wp-content\/uploads\/2026\/03\/plata-experimental-biogas-mas-bove-IRTA-fase-final-construccio-300x135.jpg 300w, https:\/\/www.irta.cat\/wp-content\/uploads\/2026\/03\/plata-experimental-biogas-mas-bove-IRTA-fase-final-construccio-1024x461.jpg 1024w, https:\/\/www.irta.cat\/wp-content\/uploads\/2026\/03\/plata-experimental-biogas-mas-bove-IRTA-fase-final-construccio-768x346.jpg 768w, https:\/\/www.irta.cat\/wp-content\/uploads\/2026\/03\/plata-experimental-biogas-mas-bove-IRTA-fase-final-construccio-1536x692.jpg 1536w\" sizes=\"auto, (max-width: 1920px) 100vw, 1920px\" \/><\/a><figcaption class=\"wp-element-caption\">La planta experimental de biog\u00e1s de Mas Bov\u00e9, en la fase final de su construcci\u00f3n.<\/figcaption><\/figure>\n<\/div>\n\n\n<p>En el marco del <a href=\"https:\/\/www.irta.cat\/es\/pla-estrategic-2024-2027\/\" target=\"_blank\" rel=\"noreferrer noopener\">Plan Estrat\u00e9gico 2024-2027<\/a>, uno de nuestros objetivos estrat\u00e9gicos es <strong><a href=\"https:\/\/www.irta.cat\/es\/bioeconomia-circular-residuos-subproductos-biogas\/\" target=\"_blank\" rel=\"noreferrer noopener\">potenciar la bioeconom\u00eda para reducir el impacto ambiental <\/a><\/strong>del sector agroalimentario.<\/p>\n\n\n\n<p>En ese contexto, estamos construyendo <strong>dos plantas de biog\u00e1s<\/strong>.<\/p>\n\n\n\n<ul class=\"wp-block-list\">\n<li>Una en la <a href=\"https:\/\/www.irta.cat\/es\/centres\/evam\/\" target=\"_blank\" rel=\"noreferrer noopener\">granja de vacuno de Monells<\/a> (Girona), donde hay vacas que hacen leche.<\/li>\n\n\n\n<li>Y otra en la granja de <a href=\"https:\/\/www.irta.cat\/es\/centres\/irta-mas-bove\/\" target=\"_blank\" rel=\"noreferrer noopener\">Mas Bov\u00e9<\/a> (Tarragona), donde hay cerdos y pollos.<\/li>\n<\/ul>\n\n\n\n<p>Esta infograf\u00eda resume c\u00f3mo funcionar\u00e1n:<\/p>\n\n\n<div class=\"wp-block-image\">\n<figure data-wp-context=\"{&quot;imageId&quot;:&quot;69db22c3e581f&quot;}\" data-wp-interactive=\"core\/image\" data-wp-key=\"69db22c3e581f\" class=\"aligncenter size-full wp-lightbox-container\"><a href=\"https:\/\/www.irta.cat\/wp-content\/uploads\/2026\/04\/BIOGAS_ESP_DESKTOP-scaled.jpg\" class=\"fancybox irta-lightbox-bridge\" data-fancybox=\"irta-images\"><img loading=\"lazy\" decoding=\"async\" width=\"1920\" height=\"1310\" data-wp-class--hide=\"state.isContentHidden\" data-wp-class--show=\"state.isContentVisible\" data-wp-init=\"callbacks.setButtonStyles\" data-wp-on--click=\"actions.showLightbox\" data-wp-on--load=\"callbacks.setButtonStyles\" data-wp-on-window--resize=\"callbacks.setButtonStyles\" src=\"https:\/\/www.irta.cat\/wp-content\/uploads\/2026\/04\/BIOGAS_ESP_DESKTOP-scaled.jpg\" alt=\"\" class=\"wp-image-136495\" srcset=\"https:\/\/www.irta.cat\/wp-content\/uploads\/2026\/04\/BIOGAS_ESP_DESKTOP-scaled.jpg 1920w, https:\/\/www.irta.cat\/wp-content\/uploads\/2026\/04\/BIOGAS_ESP_DESKTOP-300x205.jpg 300w, https:\/\/www.irta.cat\/wp-content\/uploads\/2026\/04\/BIOGAS_ESP_DESKTOP-1024x699.jpg 1024w, https:\/\/www.irta.cat\/wp-content\/uploads\/2026\/04\/BIOGAS_ESP_DESKTOP-768x524.jpg 768w, https:\/\/www.irta.cat\/wp-content\/uploads\/2026\/04\/BIOGAS_ESP_DESKTOP-1536x1048.jpg 1536w, https:\/\/www.irta.cat\/wp-content\/uploads\/2026\/04\/BIOGAS_ESP_DESKTOP-2048x1397.jpg 2048w\" sizes=\"auto, (max-width: 1920px) 100vw, 1920px\" \/><button\n\t\t\tclass=\"lightbox-trigger\"\n\t\t\ttype=\"button\"\n\t\t\taria-haspopup=\"dialog\"\n\t\t\taria-label=\"Agrandar\"\n\t\t\tdata-wp-init=\"callbacks.initTriggerButton\"\n\t\t\tdata-wp-on--click=\"actions.showLightbox\"\n\t\t\tdata-wp-style--right=\"state.imageButtonRight\"\n\t\t\tdata-wp-style--top=\"state.imageButtonTop\"\n\t\t>\n\t\t\t<svg xmlns=\"http:\/\/www.w3.org\/2000\/svg\" width=\"12\" height=\"12\" fill=\"none\" viewBox=\"0 0 12 12\">\n\t\t\t\t<path fill=\"#fff\" d=\"M2 0a2 2 0 0 0-2 2v2h1.5V2a.5.5 0 0 1 .5-.5h2V0H2Zm2 10.5H2a.5.5 0 0 1-.5-.5V8H0v2a2 2 0 0 0 2 2h2v-1.5ZM8 12v-1.5h2a.5.5 0 0 0 .5-.5V8H12v2a2 2 0 0 1-2 2H8Zm2-12a2 2 0 0 1 2 2v2h-1.5V2a.5.5 0 0 0-.5-.5H8V0h2Z\" \/>\n\t\t\t<\/svg>\n\t\t<\/button><\/a><\/figure>\n<\/div>\n\n\n<p>As\u00ed pues, en ambas granjas:<\/p>\n\n\n\n<h6 class=\"wp-block-heading\"><strong>Transformaremos el esti\u00e9rcol en biog\u00e1s<\/strong><\/h6>\n\n\n\n<p>Mediante un <strong>proceso de digesti\u00f3n<\/strong> hecho por microorganismos anaerobios: unas bacterias y arqueas que trabajan sin ox\u00edgeno dentro de un tanque.<\/p>\n\n\n\n<p>Las tecnolog\u00edas que utilizaremos en una y otra granja ser\u00e1n diferentes.<\/p>\n\n\n\n<div style=\"height:20px\" aria-hidden=\"true\" class=\"wp-block-spacer\"><\/div>\n\n\n\n<h6 class=\"wp-block-heading\"><strong>Utilizaremos el biog\u00e1s<\/strong><\/h6>\n\n\n\n<ul class=\"wp-block-list\">\n<li>Para <strong>calefacci\u00f3n<\/strong> (en la nave de maternidad de las cerdas de Mas Bov\u00e9).<\/li>\n<\/ul>\n\n\n\n<ul class=\"wp-block-list\">\n<li>Y para <strong>calentar agua<\/strong> de limpieza (para desinfectar la sala de orde\u00f1o de las vacas de Monells).<\/li>\n<\/ul>\n\n\n\n<div style=\"height:20px\" aria-hidden=\"true\" class=\"wp-block-spacer\"><\/div>\n\n\n\n<h6 class=\"wp-block-heading\"><strong>Aprovecharemos la materia org\u00e1nica que reste<\/strong><\/h6>\n\n\n\n<p>Se llama <strong>digestato<\/strong>, y lo separaremos en dos fracciones:<\/p>\n\n\n\n<ul class=\"wp-block-list\">\n<li>La parte s\u00f3lida la convertiremos en <strong>fertilizantes org\u00e1nicos de calidad (compost)<\/strong> gracias al trabajo de bacterias aerobias y de hongos.<br><br><\/li>\n\n\n\n<li>Y la parte l\u00edquida se convertir\u00e1 en <strong>agua para irrigaci\u00f3n<\/strong> (en los campos de Monells) <strong>y para limpieza<\/strong> (en las granjas de Mas Bov\u00e9).<\/li>\n<\/ul>\n\n\n\n<div style=\"height:20px\" aria-hidden=\"true\" class=\"wp-block-spacer\"><\/div>\n\n\n\n<h6 class=\"wp-block-heading\"><strong>Todo ello nos permitir\u00e1:<\/strong><\/h6>\n\n\n\n<ul class=\"wp-block-list\">\n<li>Hacer nuestras granjas <strong>m\u00e1s autosuficientes y sostenibles<\/strong>.<\/li>\n<\/ul>\n\n\n\n<ul class=\"wp-block-list\">\n<li>Colaborar con empresas o proyectos que deseen <strong>testar nuevas tecnolog\u00edas<\/strong>.<\/li>\n<\/ul>\n\n\n\n<ul class=\"wp-block-list\">\n<li>Y <strong>mostrar al sector el funcionamiento y resultados<\/strong> de estas plantas de biog\u00e1s.<\/li>\n<\/ul>\n\n\n\n<div style=\"height:30px\" aria-hidden=\"true\" class=\"wp-block-spacer\"><\/div>\n\n\n<div class=\"wp-block-image\">\n<figure class=\"aligncenter size-large\"><a href=\"https:\/\/www.irta.cat\/wp-content\/uploads\/2026\/03\/biogas-mas-bove-en-construccio-scaled.jpg\" class=\"fancybox irta-lightbox-bridge\" data-fancybox=\"irta-images\"><img loading=\"lazy\" decoding=\"async\" width=\"1024\" height=\"768\" src=\"https:\/\/www.irta.cat\/wp-content\/uploads\/2026\/03\/biogas-mas-bove-en-construccio-1024x768.jpg\" alt=\"\" class=\"wp-image-130244\" srcset=\"https:\/\/www.irta.cat\/wp-content\/uploads\/2026\/03\/biogas-mas-bove-en-construccio-1024x768.jpg 1024w, https:\/\/www.irta.cat\/wp-content\/uploads\/2026\/03\/biogas-mas-bove-en-construccio-300x225.jpg 300w, https:\/\/www.irta.cat\/wp-content\/uploads\/2026\/03\/biogas-mas-bove-en-construccio-768x576.jpg 768w, https:\/\/www.irta.cat\/wp-content\/uploads\/2026\/03\/biogas-mas-bove-en-construccio-1536x1152.jpg 1536w, https:\/\/www.irta.cat\/wp-content\/uploads\/2026\/03\/biogas-mas-bove-en-construccio-scaled.jpg 1920w\" sizes=\"auto, (max-width: 1024px) 100vw, 1024px\" \/><\/a><figcaption class=\"wp-element-caption\">La planta de biog\u00e1s de Mas Bov\u00e9, en el inicio de su construcci\u00f3n.<\/figcaption><\/figure>\n<\/div>\n\n\n<div style=\"height:30px\" aria-hidden=\"true\" class=\"wp-block-spacer\"><\/div>\n\n\n\n<h5 class=\"wp-block-heading\">Conoce el objetivo estrat\u00e9gico del IRTA relacionado con la bioeconom\u00eda:<\/h5>\n\n\n\n<div class=\"wp-block-columns has-background is-layout-flex wp-container-core-columns-is-layout-9d6595d7 wp-block-columns-is-layout-flex\" style=\"background-color:#fff2e6\">\n<div class=\"wp-block-column is-layout-flow wp-block-column-is-layout-flow\" style=\"flex-basis:100%\">\r\n    <!-- block: block-cita-personal -->\r\n    <section  data-block_id=\"block_824840df65e932e6b0d930754a8a1f79\" class=\"cita-perfil-div cita-perfil-gutenberg \">\r\n        <div class=\"row\">\r\n            <div class=\"cita-conainer\">\r\n                                    <div class=\"cita-text\">\r\n                        <blockquote class=\"wp-block-quote\">Queremos contribuir a transformar las tecnolog\u00edas y pr\u00e1cticas de agricultores y ganaderos para maximizar la sostenibilidad ambiental y econ\u00f3mica de su actividad.<\/blockquote>\r\n                    <\/div>\r\n                \r\n                                    <a href=\"https:\/\/www.irta.cat\/es\/personal\/ma-belen-fernandez-garcia\/\" target=\"_self\">\r\n                                        <div class=\"cita-perfil\">\r\n                        <div class=\"img-perfil\">\r\n                            <img decoding=\"async\" src=\"https:\/\/www.irta.cat\/wp-content\/uploads\/personal-thumbnails\/4015.jpg\" alt=\"Ma. belen Fernandez Garcia\" title=\"Ma. belen Fernandez Garcia\" loading=\"lazy\">\r\n                        <\/div>\r\n                        <div class=\"info-perfil\">\r\n                            <h2>Fern\u00e1ndez Garcia, Bel\u00e9n<\/h2>\r\n                                                            <p>Investigadora en Biotecnolog\u00eda Ambiental<\/p>\r\n                                                    <\/div>\r\n                    <\/div>\r\n                                        <\/a>\r\n                            <\/div>\r\n        <\/div>\r\n    <\/section>\r\n    <!-- block: block-cita-personal -->\r\n\n\n\n<div style=\"height:30px\" aria-hidden=\"true\" class=\"wp-block-spacer\"><\/div>\n\n\n\n<div class=\"wp-block-buttons has-custom-font-size layout-center has-medium-font-size is-horizontal is-content-justification-right is-nowrap is-layout-flex wp-container-core-buttons-is-layout-f3a42c6d wp-block-buttons-is-layout-flex\">\n<div class=\"wp-block-button has-custom-width wp-block-button__width-75 is-style-fill center-btn\"><a class=\"wp-block-button__link has-background has-large-font-size has-text-align-center has-custom-font-size wp-element-button\" href=\"https:\/\/www.irta.cat\/es\/bioeconomia-circular-residuos-subproductos-biogas\/\" style=\"background-color:#ce003a\" target=\"_blank\" rel=\"noreferrer noopener\"><strong>As\u00ed potenciamos la bioeconom\u00eda en el sector agroalimentario<\/strong><\/a><\/div>\n<\/div>\n\n\n\n<div style=\"height:60px\" aria-hidden=\"true\" class=\"wp-block-spacer\"><\/div>\n<\/div>\n<\/div>\n<\/div>\n<\/div>\n\n\n\n<p><\/p>\n","protected":false},"excerpt":{"rendered":"<p>Plantas experimentales de biog\u00e1s del IRTA Para el autoconsumo en granjas peque\u00f1as o medianas En el marco del Plan Estrat\u00e9gico 2024-2027, uno de nuestros objetivos estrat\u00e9gicos es potenciar la bioeconom\u00eda para reducir el impacto ambiental del sector agroalimentario. En ese contexto, estamos construyendo dos plantas de biog\u00e1s. Esta infograf\u00eda resume c\u00f3mo funcionar\u00e1n: As\u00ed pues, en [&hellip;]<\/p>\n","protected":false},"author":4,"featured_media":0,"parent":0,"menu_order":0,"comment_status":"closed","ping_status":"closed","template":"page-templates\/gutenberg.php","meta":{"_acf_changed":false,"footnotes":""},"class_list":["post-131806","page","type-page","status-publish","hentry"],"acf":[],"yoast_head":"<!-- This site is optimized with the Yoast SEO plugin v26.6 - https:\/\/yoast.com\/wordpress\/plugins\/seo\/ -->\r\n<title>Plantas experimentales de biog\u00e1s del IRTA &#187; IRTA<\/title>\r\n<meta name=\"description\" content=\"Plantas experimentales de biog\u00e1s del IRTA Para el autoconsumo en granjas peque\u00f1as o medianas La planta experimental de biog\u00e1s de Mas Bov\u00e9, en la fase Conoce el funcionamiento de las dos plantas experimentales de biog\u00e1s del IRTA.\" \/>\r\n<meta name=\"robots\" content=\"index, follow, max-snippet:-1, max-image-preview:large, max-video-preview:-1\" \/>\r\n<link rel=\"canonical\" href=\"https:\/\/www.irta.cat\/es\/plantas-experimentales-biogas\/\" \/>\r\n<meta property=\"og:locale\" content=\"es_ES\" \/>\r\n<meta property=\"og:type\" content=\"article\" \/>\r\n<meta property=\"og:title\" content=\"Plantas experimentales de biog\u00e1s del IRTA &#187; IRTA\" \/>\r\n<meta property=\"og:description\" content=\"Plantas experimentales de biog\u00e1s del IRTA Para el autoconsumo en granjas peque\u00f1as o medianas La planta experimental de biog\u00e1s de Mas Bov\u00e9, en la fase Conoce el funcionamiento de las dos plantas experimentales de biog\u00e1s del IRTA.\" \/>\r\n<meta property=\"og:url\" content=\"https:\/\/www.irta.cat\/es\/plantas-experimentales-biogas\/\" \/>\r\n<meta property=\"og:site_name\" content=\"IRTA\" \/>\r\n<meta property=\"article:publisher\" content=\"https:\/\/www.facebook.com\/irtacat\" \/>\r\n<meta property=\"article:modified_time\" content=\"2026-04-01T09:04:22+00:00\" \/>\r\n<meta property=\"og:image\" content=\"https:\/\/www.irta.cat\/wp-content\/uploads\/2026\/03\/plata-experimental-biogas-mas-bove-IRTA-fase-final-construccio-scaled.jpg\" \/>\r\n\t<meta property=\"og:image:width\" content=\"1920\" \/>\r\n\t<meta property=\"og:image:height\" content=\"865\" \/>\r\n\t<meta property=\"og:image:type\" content=\"image\/jpeg\" \/>\r\n<meta name=\"twitter:card\" content=\"summary_large_image\" \/>\r\n<meta name=\"twitter:site\" content=\"@irtacat\" \/>\r\n<meta name=\"twitter:label1\" content=\"Tiempo de lectura\" \/>\n\t<meta name=\"twitter:data1\" content=\"3 minutos\" \/>\r\n<script type=\"application\/ld+json\" class=\"yoast-schema-graph\">{\"@context\":\"https:\/\/schema.org\",\"@graph\":[{\"@type\":\"WebPage\",\"@id\":\"https:\/\/www.irta.cat\/es\/plantas-experimentales-biogas\/\",\"url\":\"https:\/\/www.irta.cat\/es\/plantas-experimentales-biogas\/\",\"name\":\"Plantas experimentales de biog\u00e1s del IRTA &#187; IRTA\",\"isPartOf\":{\"@id\":\"https:\/\/www.irta.cat\/es\/#website\"},\"primaryImageOfPage\":{\"@id\":\"https:\/\/www.irta.cat\/es\/plantas-experimentales-biogas\/#primaryimage\"},\"image\":{\"@id\":\"https:\/\/www.irta.cat\/es\/plantas-experimentales-biogas\/#primaryimage\"},\"thumbnailUrl\":\"https:\/\/www.irta.cat\/wp-content\/uploads\/2026\/03\/plata-experimental-biogas-mas-bove-IRTA-fase-final-construccio-scaled.jpg\",\"datePublished\":\"2026-03-05T14:11:27+00:00\",\"dateModified\":\"2026-04-01T09:04:22+00:00\",\"description\":\"Plantas experimentales de biog\u00e1s del IRTA Para el autoconsumo en granjas peque\u00f1as o medianas La planta experimental de biog\u00e1s de Mas Bov\u00e9, en la fase Conoce el funcionamiento de las dos plantas experimentales de biog\u00e1s del IRTA.\",\"breadcrumb\":{\"@id\":\"https:\/\/www.irta.cat\/es\/plantas-experimentales-biogas\/#breadcrumb\"},\"inLanguage\":\"es\",\"potentialAction\":[{\"@type\":\"ReadAction\",\"target\":[\"https:\/\/www.irta.cat\/es\/plantas-experimentales-biogas\/\"]}]},{\"@type\":\"ImageObject\",\"inLanguage\":\"es\",\"@id\":\"https:\/\/www.irta.cat\/es\/plantas-experimentales-biogas\/#primaryimage\",\"url\":\"https:\/\/www.irta.cat\/wp-content\/uploads\/2026\/03\/plata-experimental-biogas-mas-bove-IRTA-fase-final-construccio-scaled.jpg\",\"contentUrl\":\"https:\/\/www.irta.cat\/wp-content\/uploads\/2026\/03\/plata-experimental-biogas-mas-bove-IRTA-fase-final-construccio-scaled.jpg\"},{\"@type\":\"BreadcrumbList\",\"@id\":\"https:\/\/www.irta.cat\/es\/plantas-experimentales-biogas\/#breadcrumb\",\"itemListElement\":[{\"@type\":\"ListItem\",\"position\":1,\"name\":\"Inici\",\"item\":\"https:\/\/www.irta.cat\/es\/\"},{\"@type\":\"ListItem\",\"position\":2,\"name\":\"Plantas experimentales de biog\u00e1s del IRTA\"}]},{\"@type\":\"WebSite\",\"@id\":\"https:\/\/www.irta.cat\/es\/#website\",\"url\":\"https:\/\/www.irta.cat\/es\/\",\"name\":\"IRTA\",\"description\":\"Institut de Recerca i Tecnologia Agroaliment\u00e0ries\",\"publisher\":{\"@id\":\"https:\/\/www.irta.cat\/es\/#organization\"},\"alternateName\":\"%%sitename%% %%sep%% %%title%%\",\"potentialAction\":[{\"@type\":\"SearchAction\",\"target\":{\"@type\":\"EntryPoint\",\"urlTemplate\":\"https:\/\/www.irta.cat\/es\/?s={search_term_string}\"},\"query-input\":{\"@type\":\"PropertyValueSpecification\",\"valueRequired\":true,\"valueName\":\"search_term_string\"}}],\"inLanguage\":\"es\"},{\"@type\":\"Organization\",\"@id\":\"https:\/\/www.irta.cat\/es\/#organization\",\"name\":\"IRTA\",\"url\":\"https:\/\/www.irta.cat\/es\/\",\"logo\":{\"@type\":\"ImageObject\",\"inLanguage\":\"es\",\"@id\":\"https:\/\/www.irta.cat\/es\/#\/schema\/logo\/image\/\",\"url\":\"https:\/\/www.irta.cat\/wp-content\/uploads\/2023\/04\/Logo-IRTA-verm.png\",\"contentUrl\":\"https:\/\/www.irta.cat\/wp-content\/uploads\/2023\/04\/Logo-IRTA-verm.png\",\"width\":1250,\"height\":500,\"caption\":\"IRTA\"},\"image\":{\"@id\":\"https:\/\/www.irta.cat\/es\/#\/schema\/logo\/image\/\"},\"sameAs\":[\"https:\/\/www.facebook.com\/irtacat\",\"https:\/\/x.com\/irtacat\"]}]}<\/script>\r\n<!-- \/ Yoast SEO plugin. -->","yoast_head_json":{"title":"Plantas experimentales de biog\u00e1s del IRTA &#187; IRTA","description":"Plantas experimentales de biog\u00e1s del IRTA Para el autoconsumo en granjas peque\u00f1as o medianas La planta experimental de biog\u00e1s de Mas Bov\u00e9, en la fase Conoce el funcionamiento de las dos plantas experimentales de biog\u00e1s del IRTA.","robots":{"index":"index","follow":"follow","max-snippet":"max-snippet:-1","max-image-preview":"max-image-preview:large","max-video-preview":"max-video-preview:-1"},"canonical":"https:\/\/www.irta.cat\/es\/plantas-experimentales-biogas\/","og_locale":"es_ES","og_type":"article","og_title":"Plantas experimentales de biog\u00e1s del IRTA &#187; IRTA","og_description":"Plantas experimentales de biog\u00e1s del IRTA Para el autoconsumo en granjas peque\u00f1as o medianas La planta experimental de biog\u00e1s de Mas Bov\u00e9, en la fase Conoce el funcionamiento de las dos plantas experimentales de biog\u00e1s del IRTA.","og_url":"https:\/\/www.irta.cat\/es\/plantas-experimentales-biogas\/","og_site_name":"IRTA","article_publisher":"https:\/\/www.facebook.com\/irtacat","article_modified_time":"2026-04-01T09:04:22+00:00","og_image":[{"width":1920,"height":865,"url":"https:\/\/www.irta.cat\/wp-content\/uploads\/2026\/03\/plata-experimental-biogas-mas-bove-IRTA-fase-final-construccio-scaled.jpg","type":"image\/jpeg"}],"twitter_card":"summary_large_image","twitter_site":"@irtacat","twitter_misc":{"Tiempo de lectura":"3 minutos"},"schema":{"@context":"https:\/\/schema.org","@graph":[{"@type":"WebPage","@id":"https:\/\/www.irta.cat\/es\/plantas-experimentales-biogas\/","url":"https:\/\/www.irta.cat\/es\/plantas-experimentales-biogas\/","name":"Plantas experimentales de biog\u00e1s del IRTA &#187; IRTA","isPartOf":{"@id":"https:\/\/www.irta.cat\/es\/#website"},"primaryImageOfPage":{"@id":"https:\/\/www.irta.cat\/es\/plantas-experimentales-biogas\/#primaryimage"},"image":{"@id":"https:\/\/www.irta.cat\/es\/plantas-experimentales-biogas\/#primaryimage"},"thumbnailUrl":"https:\/\/www.irta.cat\/wp-content\/uploads\/2026\/03\/plata-experimental-biogas-mas-bove-IRTA-fase-final-construccio-scaled.jpg","datePublished":"2026-03-05T14:11:27+00:00","dateModified":"2026-04-01T09:04:22+00:00","description":"Plantas experimentales de biog\u00e1s del IRTA Para el autoconsumo en granjas peque\u00f1as o medianas La planta experimental de biog\u00e1s de Mas Bov\u00e9, en la fase Conoce el funcionamiento de las dos plantas experimentales de biog\u00e1s del IRTA.","breadcrumb":{"@id":"https:\/\/www.irta.cat\/es\/plantas-experimentales-biogas\/#breadcrumb"},"inLanguage":"es","potentialAction":[{"@type":"ReadAction","target":["https:\/\/www.irta.cat\/es\/plantas-experimentales-biogas\/"]}]},{"@type":"ImageObject","inLanguage":"es","@id":"https:\/\/www.irta.cat\/es\/plantas-experimentales-biogas\/#primaryimage","url":"https:\/\/www.irta.cat\/wp-content\/uploads\/2026\/03\/plata-experimental-biogas-mas-bove-IRTA-fase-final-construccio-scaled.jpg","contentUrl":"https:\/\/www.irta.cat\/wp-content\/uploads\/2026\/03\/plata-experimental-biogas-mas-bove-IRTA-fase-final-construccio-scaled.jpg"},{"@type":"BreadcrumbList","@id":"https:\/\/www.irta.cat\/es\/plantas-experimentales-biogas\/#breadcrumb","itemListElement":[{"@type":"ListItem","position":1,"name":"Inici","item":"https:\/\/www.irta.cat\/es\/"},{"@type":"ListItem","position":2,"name":"Plantas experimentales de biog\u00e1s del IRTA"}]},{"@type":"WebSite","@id":"https:\/\/www.irta.cat\/es\/#website","url":"https:\/\/www.irta.cat\/es\/","name":"IRTA","description":"Institut de Recerca i Tecnologia Agroaliment\u00e0ries","publisher":{"@id":"https:\/\/www.irta.cat\/es\/#organization"},"alternateName":"%%sitename%% %%sep%% %%title%%","potentialAction":[{"@type":"SearchAction","target":{"@type":"EntryPoint","urlTemplate":"https:\/\/www.irta.cat\/es\/?s={search_term_string}"},"query-input":{"@type":"PropertyValueSpecification","valueRequired":true,"valueName":"search_term_string"}}],"inLanguage":"es"},{"@type":"Organization","@id":"https:\/\/www.irta.cat\/es\/#organization","name":"IRTA","url":"https:\/\/www.irta.cat\/es\/","logo":{"@type":"ImageObject","inLanguage":"es","@id":"https:\/\/www.irta.cat\/es\/#\/schema\/logo\/image\/","url":"https:\/\/www.irta.cat\/wp-content\/uploads\/2023\/04\/Logo-IRTA-verm.png","contentUrl":"https:\/\/www.irta.cat\/wp-content\/uploads\/2023\/04\/Logo-IRTA-verm.png","width":1250,"height":500,"caption":"IRTA"},"image":{"@id":"https:\/\/www.irta.cat\/es\/#\/schema\/logo\/image\/"},"sameAs":["https:\/\/www.facebook.com\/irtacat","https:\/\/x.com\/irtacat"]}]}},"_links":{"self":[{"href":"https:\/\/www.irta.cat\/es\/wp-json\/wp\/v2\/pages\/131806","targetHints":{"allow":["GET"]}}],"collection":[{"href":"https:\/\/www.irta.cat\/es\/wp-json\/wp\/v2\/pages"}],"about":[{"href":"https:\/\/www.irta.cat\/es\/wp-json\/wp\/v2\/types\/page"}],"author":[{"embeddable":true,"href":"https:\/\/www.irta.cat\/es\/wp-json\/wp\/v2\/users\/4"}],"replies":[{"embeddable":true,"href":"https:\/\/www.irta.cat\/es\/wp-json\/wp\/v2\/comments?post=131806"}],"version-history":[{"count":11,"href":"https:\/\/www.irta.cat\/es\/wp-json\/wp\/v2\/pages\/131806\/revisions"}],"predecessor-version":[{"id":136498,"href":"https:\/\/www.irta.cat\/es\/wp-json\/wp\/v2\/pages\/131806\/revisions\/136498"}],"wp:attachment":[{"href":"https:\/\/www.irta.cat\/es\/wp-json\/wp\/v2\/media?parent=131806"}],"curies":[{"name":"wp","href":"https:\/\/api.w.org\/{rel}","templated":true}]}}